{"id":2,"date":"2023-09-27T16:16:07","date_gmt":"2023-09-27T14:16:07","guid":{"rendered":"http:\/\/localhost:8888\/packshot-trade-in\/?page_id=2"},"modified":"2025-03-12T08:15:44","modified_gmt":"2025-03-12T07:15:44","slug":"upgrade-packshot-photo-automatique","status":"publish","type":"page","link":"https:\/\/www.upgradeyourpackshot.com\/fr\/","title":{"rendered":"Accueil"},"content":{"rendered":"\n<blockquote class=\"wp-block-quote is-layout-flow wp-block-quote-is-layout-flow\"><p><\/p><\/blockquote>\n\n\n\n<blockquote class=\"wp-block-quote is-layout-flow wp-block-quote-is-layout-flow\"><p><\/p><\/blockquote>\n","protected":false},"excerpt":{"rendered":"","protected":false},"author":1,"featured_media":0,"parent":0,"menu_order":0,"comment_status":"closed","ping_status":"open","template":"page-templates\/homepage.php","meta":{"_acf_changed":false,"footnotes":""},"class_list":["post-2","page","type-page","status-publish","hentry"],"acf":[],"yoast_head":"<!-- This site is optimized with the Yoast SEO plugin v26.5 - https:\/\/yoast.com\/wordpress\/plugins\/seo\/ -->\n<title>Accueil - UpgradeYourPackshot<\/title>\n<meta name=\"description\" content=\"Votre ancien studio PackshotCreator, Scancube ou Ortery est d\u00e9pass\u00e9 ? C&#039;est le moment d&#039;\u00e9voluer ! Obtenez une remise imm\u00e9diate en \u00e9change de votre ancien \u00e9quipement gr\u00e2ce \u00e0 notre offre concurrentielle de reprise. Calculez d\u00e8s maintenant la valeur de votre mat\u00e9riel et profitez d&#039;un nouveau studio Orbitvu, plus rapide, plus innovant et plus performant.\" \/>\n<meta name=\"robots\" content=\"index, follow, max-snippet:-1, max-image-preview:large, max-video-preview:-1\" \/>\n<link rel=\"canonical\" href=\"https:\/\/www.upgradeyourpackshot.com\/fr\/\" \/>\n<meta property=\"og:locale\" content=\"fr_FR\" \/>\n<meta property=\"og:type\" content=\"article\" \/>\n<meta property=\"og:title\" content=\"UpgradeYourPackshot\" \/>\n<meta property=\"og:description\" content=\"Votre ancien studio PackshotCreator, ScanCube ou Ortery est d\u00e9pass\u00e9 ? C&#039;est le moment d&#039;\u00e9voluer ! Obtenez une remise imm\u00e9diate en \u00e9change de votre ancien \u00e9quipement gr\u00e2ce \u00e0 notre offre concurrentielle de reprise. Calculez d\u00e8s maintenant la valeur de votre mat\u00e9riel et profitez d&#039;un nouveau studio Orbitvu, plus rapide, plus innovant et plus performant.\" \/>\n<meta property=\"og:url\" content=\"https:\/\/www.upgradeyourpackshot.com\/fr\/\" \/>\n<meta property=\"og:site_name\" content=\"UpgradeYourPackshot\" \/>\n<meta property=\"article:modified_time\" content=\"2025-03-12T07:15:44+00:00\" \/>\n<meta property=\"og:image\" content=\"http:\/\/www.upgradeyourpackshot.com\/\/resources\/uploads\/2024\/01\/UYP-1.jpg\" \/>\n\t<meta property=\"og:image:width\" content=\"1168\" \/>\n\t<meta property=\"og:image:height\" content=\"675\" \/>\n\t<meta property=\"og:image:type\" content=\"image\/jpeg\" \/>\n<meta name=\"twitter:card\" content=\"summary_large_image\" \/>\n<meta name=\"twitter:title\" content=\"UpgradeYourPackshot\" \/>\n<meta name=\"twitter:description\" content=\"Votre ancien studio PackshotCreator, ScanCube ou Ortery est d\u00e9pass\u00e9 ? C&#039;est le moment d&#039;\u00e9voluer ! Obtenez une remise imm\u00e9diate en \u00e9change de votre ancien \u00e9quipement gr\u00e2ce \u00e0 notre offre concurrentielle de reprise. Calculez d\u00e8s maintenant la valeur de votre mat\u00e9riel et profitez d&#039;un nouveau studio Orbitvu, plus rapide, plus innovant et plus performant.\" \/>\n<meta name=\"twitter:image\" content=\"https:\/\/www.upgradeyourpackshot.com\/\/resources\/uploads\/2024\/01\/UYP-1.jpg\" \/>\n<meta name=\"twitter:label1\" content=\"Dur\u00e9e de lecture estim\u00e9e\" \/>\n\t<meta name=\"twitter:data1\" content=\"9 minutes\" \/>\n<script type=\"application\/ld+json\" class=\"yoast-schema-graph\">{\"@context\":\"https:\/\/schema.org\",\"@graph\":[{\"@type\":\"WebPage\",\"@id\":\"https:\/\/www.upgradeyourpackshot.com\/fr\/\",\"url\":\"https:\/\/www.upgradeyourpackshot.com\/fr\/\",\"name\":\"Accueil - UpgradeYourPackshot\",\"isPartOf\":{\"@id\":\"https:\/\/www.upgradeyourpackshot.com\/fr\/#website\"},\"datePublished\":\"2023-09-27T14:16:07+00:00\",\"dateModified\":\"2025-03-12T07:15:44+00:00\",\"description\":\"Votre ancien studio PackshotCreator, Scancube ou Ortery est d\u00e9pass\u00e9 ? C'est le moment d'\u00e9voluer ! Obtenez une remise imm\u00e9diate en \u00e9change de votre ancien \u00e9quipement gr\u00e2ce \u00e0 notre offre concurrentielle de reprise. Calculez d\u00e8s maintenant la valeur de votre mat\u00e9riel et profitez d'un nouveau studio Orbitvu, plus rapide, plus innovant et plus performant.\",\"breadcrumb\":{\"@id\":\"https:\/\/www.upgradeyourpackshot.com\/fr\/#breadcrumb\"},\"inLanguage\":\"fr-FR\",\"potentialAction\":[{\"@type\":\"ReadAction\",\"target\":[\"https:\/\/www.upgradeyourpackshot.com\/fr\/\"]}]},{\"@type\":\"BreadcrumbList\",\"@id\":\"https:\/\/www.upgradeyourpackshot.com\/fr\/#breadcrumb\",\"itemListElement\":[{\"@type\":\"ListItem\",\"position\":1,\"name\":\"Home\",\"item\":\"https:\/\/www.upgradeyourpackshot.com\/fr\/\"},{\"@type\":\"ListItem\",\"position\":2,\"name\":\"Accueil\"}]},{\"@type\":\"WebSite\",\"@id\":\"https:\/\/www.upgradeyourpackshot.com\/fr\/#website\",\"url\":\"https:\/\/www.upgradeyourpackshot.com\/fr\/\",\"name\":\"UpgradeYourPackshot\",\"description\":\"Capture Perfection, Experience Orbitvu Upgrade\",\"publisher\":{\"@id\":\"https:\/\/www.upgradeyourpackshot.com\/fr\/#organization\"},\"potentialAction\":[{\"@type\":\"SearchAction\",\"target\":{\"@type\":\"EntryPoint\",\"urlTemplate\":\"https:\/\/www.upgradeyourpackshot.com\/fr\/?s={search_term_string}\"},\"query-input\":{\"@type\":\"PropertyValueSpecification\",\"valueRequired\":true,\"valueName\":\"search_term_string\"}}],\"inLanguage\":\"fr-FR\"},{\"@type\":\"Organization\",\"@id\":\"https:\/\/www.upgradeyourpackshot.com\/fr\/#organization\",\"name\":\"PackshotCreator\",\"url\":\"https:\/\/www.upgradeyourpackshot.com\/fr\/\",\"logo\":{\"@type\":\"ImageObject\",\"inLanguage\":\"fr-FR\",\"@id\":\"https:\/\/www.upgradeyourpackshot.com\/fr\/#\/schema\/logo\/image\/\",\"url\":\"https:\/\/www.upgradeyourpackshot.com\/\/resources\/uploads\/2023\/12\/cropped-favicon-512x512-1.png\",\"contentUrl\":\"https:\/\/www.upgradeyourpackshot.com\/\/resources\/uploads\/2023\/12\/cropped-favicon-512x512-1.png\",\"width\":512,\"height\":512,\"caption\":\"PackshotCreator\"},\"image\":{\"@id\":\"https:\/\/www.upgradeyourpackshot.com\/fr\/#\/schema\/logo\/image\/\"}}]}<\/script>\n<!-- \/ Yoast SEO plugin. -->","yoast_head_json":{"title":"Accueil - UpgradeYourPackshot","description":"Votre ancien studio PackshotCreator, Scancube ou Ortery est d\u00e9pass\u00e9 ? C'est le moment d'\u00e9voluer ! Obtenez une remise imm\u00e9diate en \u00e9change de votre ancien \u00e9quipement gr\u00e2ce \u00e0 notre offre concurrentielle de reprise. Calculez d\u00e8s maintenant la valeur de votre mat\u00e9riel et profitez d'un nouveau studio Orbitvu, plus rapide, plus innovant et plus performant.","robots":{"index":"index","follow":"follow","max-snippet":"max-snippet:-1","max-image-preview":"max-image-preview:large","max-video-preview":"max-video-preview:-1"},"canonical":"https:\/\/www.upgradeyourpackshot.com\/fr\/","og_locale":"fr_FR","og_type":"article","og_title":"UpgradeYourPackshot","og_description":"Votre ancien studio PackshotCreator, ScanCube ou Ortery est d\u00e9pass\u00e9 ? C'est le moment d'\u00e9voluer ! Obtenez une remise imm\u00e9diate en \u00e9change de votre ancien \u00e9quipement gr\u00e2ce \u00e0 notre offre concurrentielle de reprise. Calculez d\u00e8s maintenant la valeur de votre mat\u00e9riel et profitez d'un nouveau studio Orbitvu, plus rapide, plus innovant et plus performant.","og_url":"https:\/\/www.upgradeyourpackshot.com\/fr\/","og_site_name":"UpgradeYourPackshot","article_modified_time":"2025-03-12T07:15:44+00:00","og_image":[{"width":1168,"height":675,"url":"http:\/\/www.upgradeyourpackshot.com\/\/resources\/uploads\/2024\/01\/UYP-1.jpg","type":"image\/jpeg"}],"twitter_card":"summary_large_image","twitter_title":"UpgradeYourPackshot","twitter_description":"Votre ancien studio PackshotCreator, ScanCube ou Ortery est d\u00e9pass\u00e9 ? C'est le moment d'\u00e9voluer ! Obtenez une remise imm\u00e9diate en \u00e9change de votre ancien \u00e9quipement gr\u00e2ce \u00e0 notre offre concurrentielle de reprise. Calculez d\u00e8s maintenant la valeur de votre mat\u00e9riel et profitez d'un nouveau studio Orbitvu, plus rapide, plus innovant et plus performant.","twitter_image":"https:\/\/www.upgradeyourpackshot.com\/\/resources\/uploads\/2024\/01\/UYP-1.jpg","twitter_misc":{"Dur\u00e9e de lecture estim\u00e9e":"9 minutes"},"schema":{"@context":"https:\/\/schema.org","@graph":[{"@type":"WebPage","@id":"https:\/\/www.upgradeyourpackshot.com\/fr\/","url":"https:\/\/www.upgradeyourpackshot.com\/fr\/","name":"Accueil - UpgradeYourPackshot","isPartOf":{"@id":"https:\/\/www.upgradeyourpackshot.com\/fr\/#website"},"datePublished":"2023-09-27T14:16:07+00:00","dateModified":"2025-03-12T07:15:44+00:00","description":"Votre ancien studio PackshotCreator, Scancube ou Ortery est d\u00e9pass\u00e9 ? C'est le moment d'\u00e9voluer ! Obtenez une remise imm\u00e9diate en \u00e9change de votre ancien \u00e9quipement gr\u00e2ce \u00e0 notre offre concurrentielle de reprise. Calculez d\u00e8s maintenant la valeur de votre mat\u00e9riel et profitez d'un nouveau studio Orbitvu, plus rapide, plus innovant et plus performant.","breadcrumb":{"@id":"https:\/\/www.upgradeyourpackshot.com\/fr\/#breadcrumb"},"inLanguage":"fr-FR","potentialAction":[{"@type":"ReadAction","target":["https:\/\/www.upgradeyourpackshot.com\/fr\/"]}]},{"@type":"BreadcrumbList","@id":"https:\/\/www.upgradeyourpackshot.com\/fr\/#breadcrumb","itemListElement":[{"@type":"ListItem","position":1,"name":"Home","item":"https:\/\/www.upgradeyourpackshot.com\/fr\/"},{"@type":"ListItem","position":2,"name":"Accueil"}]},{"@type":"WebSite","@id":"https:\/\/www.upgradeyourpackshot.com\/fr\/#website","url":"https:\/\/www.upgradeyourpackshot.com\/fr\/","name":"UpgradeYourPackshot","description":"Capture Perfection, Experience Orbitvu Upgrade","publisher":{"@id":"https:\/\/www.upgradeyourpackshot.com\/fr\/#organization"},"potentialAction":[{"@type":"SearchAction","target":{"@type":"EntryPoint","urlTemplate":"https:\/\/www.upgradeyourpackshot.com\/fr\/?s={search_term_string}"},"query-input":{"@type":"PropertyValueSpecification","valueRequired":true,"valueName":"search_term_string"}}],"inLanguage":"fr-FR"},{"@type":"Organization","@id":"https:\/\/www.upgradeyourpackshot.com\/fr\/#organization","name":"PackshotCreator","url":"https:\/\/www.upgradeyourpackshot.com\/fr\/","logo":{"@type":"ImageObject","inLanguage":"fr-FR","@id":"https:\/\/www.upgradeyourpackshot.com\/fr\/#\/schema\/logo\/image\/","url":"https:\/\/www.upgradeyourpackshot.com\/\/resources\/uploads\/2023\/12\/cropped-favicon-512x512-1.png","contentUrl":"https:\/\/www.upgradeyourpackshot.com\/\/resources\/uploads\/2023\/12\/cropped-favicon-512x512-1.png","width":512,"height":512,"caption":"PackshotCreator"},"image":{"@id":"https:\/\/www.upgradeyourpackshot.com\/fr\/#\/schema\/logo\/image\/"}}]}},"_links":{"self":[{"href":"https:\/\/www.upgradeyourpackshot.com\/fr\/wp-json\/wp\/v2\/pages\/2","targetHints":{"allow":["GET"]}}],"collection":[{"href":"https:\/\/www.upgradeyourpackshot.com\/fr\/wp-json\/wp\/v2\/pages"}],"about":[{"href":"https:\/\/www.upgradeyourpackshot.com\/fr\/wp-json\/wp\/v2\/types\/page"}],"author":[{"embeddable":true,"href":"https:\/\/www.upgradeyourpackshot.com\/fr\/wp-json\/wp\/v2\/users\/1"}],"replies":[{"embeddable":true,"href":"https:\/\/www.upgradeyourpackshot.com\/fr\/wp-json\/wp\/v2\/comments?post=2"}],"version-history":[{"count":3,"href":"https:\/\/www.upgradeyourpackshot.com\/fr\/wp-json\/wp\/v2\/pages\/2\/revisions"}],"predecessor-version":[{"id":270,"href":"https:\/\/www.upgradeyourpackshot.com\/fr\/wp-json\/wp\/v2\/pages\/2\/revisions\/270"}],"wp:attachment":[{"href":"https:\/\/www.upgradeyourpackshot.com\/fr\/wp-json\/wp\/v2\/media?parent=2"}],"curies":[{"name":"wp","href":"https:\/\/api.w.org\/{rel}","templated":true}]}}